{"id":32,"date":"2023-01-14T20:58:44","date_gmt":"2023-01-14T19:58:44","guid":{"rendered":"http:\/\/lemolletfute.fr\/lemolletfuteV2\/?page_id=32"},"modified":"2024-02-18T15:08:45","modified_gmt":"2024-02-18T14:08:45","slug":"section-adulte","status":"publish","type":"page","link":"https:\/\/lemolletfute.fr\/lemolletfuteV2\/?page_id=32","title":{"rendered":"Section Adulte"},"content":{"rendered":"\t\t<div data-elementor-type=\"wp-page\" data-elementor-id=\"32\" class=\"elementor elementor-32\">\n\t\t\t\t\t\t<section class=\"elementor-section elementor-top-section elementor-element elementor-element-993e80d elementor-section-boxed elementor-section-height-default elementor-section-height-default\" data-id=\"993e80d\" data-element_type=\"section\" data-e-type=\"section\">\n\t\t\t\t\t\t<div class=\"elementor-container elementor-column-gap-default\">\n\t\t\t\t\t<div class=\"elementor-column elementor-col-100 elementor-top-column elementor-element elementor-element-2794aa0\" data-id=\"2794aa0\" data-element_type=\"column\" data-e-type=\"column\">\n\t\t\t<div class=\"elementor-widget-wrap elementor-element-populated\">\n\t\t\t\t\t\t<div class=\"elementor-element elementor-element-be39d39 elementor-widget elementor-widget-heading\" data-id=\"be39d39\" data-element_type=\"widget\" data-e-type=\"widget\" data-widget_type=\"heading.default\">\n\t\t\t\t<div class=\"elementor-widget-container\">\n\t\t\t\t\t<h2 class=\"elementor-heading-title elementor-size-default\">Section adulte du V\u00e9lo Club le Mollet Fut\u00e9<\/h2>\t\t\t\t<\/div>\n\t\t\t\t<\/div>\n\t\t\t\t<div class=\"elementor-element elementor-element-f4024a4 elementor-widget elementor-widget-spacer\" data-id=\"f4024a4\" data-element_type=\"widget\" data-e-type=\"widget\" data-widget_type=\"spacer.default\">\n\t\t\t\t<div class=\"elementor-widget-container\">\n\t\t\t\t\t\t\t<div class=\"elementor-spacer\">\n\t\t\t<div class=\"elementor-spacer-inner\"><\/div>\n\t\t<\/div>\n\t\t\t\t\t\t<\/div>\n\t\t\t\t<\/div>\n\t\t\t\t<div class=\"elementor-element elementor-element-6eaecbe elementor-widget elementor-widget-heading\" data-id=\"6eaecbe\" data-element_type=\"widget\" data-e-type=\"widget\" data-widget_type=\"heading.default\">\n\t\t\t\t<div class=\"elementor-widget-container\">\n\t\t\t\t\t<h2 class=\"elementor-heading-title elementor-size-default\">Pr\u00e9sentation de la section adulte du VCMF :<\/h2>\t\t\t\t<\/div>\n\t\t\t\t<\/div>\n\t\t\t\t<div class=\"elementor-element elementor-element-8accd63 elementor-widget__width-initial elementor-widget elementor-widget-text-editor\" data-id=\"8accd63\" data-element_type=\"widget\" data-e-type=\"widget\" data-widget_type=\"text-editor.default\">\n\t\t\t\t<div class=\"elementor-widget-container\">\n\t\t\t\t\t\t\t\t\t<p>La Section adulte du Mollet Fut\u00e9 se r\u00e9unie tous les dimanches matins et ce quelle que soit la p\u00e9riode de l&rsquo;ann\u00e9e,<br \/>pas de repos pour les braves!<\/p><p>Nous nous retrouvons chaque semaine au gymnase Chantal Mauduit :<\/p><p style=\"padding-left: 80px;\">14 rue Hodebourg<br \/>78114 Magny les Hameaux<\/p>\t\t\t\t\t\t\t\t<\/div>\n\t\t\t\t<\/div>\n\t\t\t\t\t<\/div>\n\t\t<\/div>\n\t\t\t\t\t<\/div>\n\t\t<\/section>\n\t\t\t\t<section class=\"elementor-section elementor-top-section elementor-element elementor-element-8f80b26 elementor-section-boxed elementor-section-height-default elementor-section-height-default\" data-id=\"8f80b26\" data-element_type=\"section\" data-e-type=\"section\">\n\t\t\t\t\t\t<div class=\"elementor-container elementor-column-gap-default\">\n\t\t\t\t\t<div class=\"elementor-column elementor-col-100 elementor-top-column elementor-element elementor-element-fdaceee\" data-id=\"fdaceee\" data-element_type=\"column\" data-e-type=\"column\">\n\t\t\t<div class=\"elementor-widget-wrap elementor-element-populated\">\n\t\t\t\t\t\t<div class=\"elementor-element elementor-element-849cc79 elementor-widget__width-initial elementor-widget elementor-widget-google_maps\" data-id=\"849cc79\" data-element_type=\"widget\" data-e-type=\"widget\" data-widget_type=\"google_maps.default\">\n\t\t\t\t<div class=\"elementor-widget-container\">\n\t\t\t\t\t\t\t<div class=\"elementor-custom-embed\">\n\t\t\t<iframe loading=\"lazy\"\n\t\t\t\t\tsrc=\"https:\/\/maps.google.com\/maps?q=14%20rue%20hodebourg%2078114%20Magny%20les%20Magny&#038;t=m&#038;z=15&#038;output=embed&#038;iwloc=near\"\n\t\t\t\t\ttitle=\"14 rue hodebourg 78114 Magny les Magny\"\n\t\t\t\t\taria-label=\"14 rue hodebourg 78114 Magny les Magny\"\n\t\t\t><\/iframe>\n\t\t<\/div>\n\t\t\t\t\t\t<\/div>\n\t\t\t\t<\/div>\n\t\t\t\t\t<\/div>\n\t\t<\/div>\n\t\t\t\t\t<\/div>\n\t\t<\/section>\n\t\t\t\t<section class=\"elementor-section elementor-top-section elementor-element elementor-element-86f8e32 elementor-section-boxed elementor-section-height-default elementor-section-height-default\" data-id=\"86f8e32\" data-element_type=\"section\" data-e-type=\"section\">\n\t\t\t\t\t\t<div class=\"elementor-container elementor-column-gap-default\">\n\t\t\t\t\t<div class=\"elementor-column elementor-col-100 elementor-top-column elementor-element elementor-element-7a4c611\" data-id=\"7a4c611\" data-element_type=\"column\" data-e-type=\"column\">\n\t\t\t<div class=\"elementor-widget-wrap elementor-element-populated\">\n\t\t\t\t\t\t<div class=\"elementor-element elementor-element-8843c23 elementor-widget__width-initial elementor-widget elementor-widget-text-editor\" data-id=\"8843c23\" data-element_type=\"widget\" data-e-type=\"widget\" data-widget_type=\"text-editor.default\">\n\t\t\t\t<div class=\"elementor-widget-container\">\n\t\t\t\t\t\t\t\t\t<p>Parce que nous n&rsquo;avons pas tous les m\u00eames formes physiques ni les m\u00eames attentes de notre pratique du VTT, les Mollets Fut\u00e9s forment chaque dimanche matin deux groupes :<\/p><ul><li style=\"list-style-type: none;\"><ul><li>1er groupe avec un d\u00e9part \u00e0 8h30<br \/>Ce groupe se compose principalement de personnes adeptes des longs parcours et des d\u00e9nivel\u00e9s \u00ab\u00a0importants\u00a0\u00bb.<br \/>L&rsquo;esprit de d\u00e9couverte caract\u00e9rise ce groupe qui aime d\u00e9couvrir de nouveaux espaces et chemins.<br \/><br \/><\/li><li>2\u00e8me groupe avec un d\u00e9part \u00e0 9h15<br \/>Ce second groupe met un point d&rsquo;honneur \u00e0 conserver un esprit ludique.<br \/>La d\u00e9couverte est \u00e9galement le point d&rsquo;orgue de ce groupe.<\/li><\/ul><\/li><\/ul><div><p>Les retours se font en g\u00e9n\u00e9ral entre 12h et 13h en fonction des imp\u00e9ratifs de chacun hormis \u00ab\u00a0sorties sp\u00e9ciales\u00a0\u00bb.<\/p><p>Nous vous offrons la possibilit\u00e9 de venir tester<\/p><p>Quelque soit le groupe, la convivialit\u00e9 est le maitre mot de notre club.<\/p><\/div>\t\t\t\t\t\t\t\t<\/div>\n\t\t\t\t<\/div>\n\t\t\t\t<div class=\"elementor-element elementor-element-1d4810e elementor-widget elementor-widget-spacer\" data-id=\"1d4810e\" data-element_type=\"widget\" data-e-type=\"widget\" data-widget_type=\"spacer.default\">\n\t\t\t\t<div class=\"elementor-widget-container\">\n\t\t\t\t\t\t\t<div class=\"elementor-spacer\">\n\t\t\t<div class=\"elementor-spacer-inner\"><\/div>\n\t\t<\/div>\n\t\t\t\t\t\t<\/div>\n\t\t\t\t<\/div>\n\t\t\t\t<div class=\"elementor-element elementor-element-f8c84b5 elementor-widget elementor-widget-heading\" data-id=\"f8c84b5\" data-element_type=\"widget\" data-e-type=\"widget\" data-widget_type=\"heading.default\">\n\t\t\t\t<div class=\"elementor-widget-container\">\n\t\t\t\t\t<h2 class=\"elementor-heading-title elementor-size-default\">Vous souhaitez vous joindre \u00e0 nous?<\/h2>\t\t\t\t<\/div>\n\t\t\t\t<\/div>\n\t\t\t\t<div class=\"elementor-element elementor-element-f4b378f elementor-widget elementor-widget-text-editor\" data-id=\"f4b378f\" data-element_type=\"widget\" data-e-type=\"widget\" data-widget_type=\"text-editor.default\">\n\t\t\t\t<div class=\"elementor-widget-container\">\n\t\t\t\t\t\t\t\t\t<p>Venez vous faire votre propre opinion.<br \/>Pour cela, la FFC vous donne jusqu&rsquo;\u00e0 3 s\u00e9ances de test pour d\u00e9couvrir notre activit\u00e9, notre club et son ambiance.<br \/>Vous trouverez toutes les modalit\u00e9s d&rsquo;inscription en suivant le lien ci-dessous :<\/p>\t\t\t\t\t\t\t\t<\/div>\n\t\t\t\t<\/div>\n\t\t\t\t<div class=\"elementor-element elementor-element-9b1f522 elementor-align-center elementor-widget elementor-widget-button\" data-id=\"9b1f522\" data-element_type=\"widget\" data-e-type=\"widget\" data-widget_type=\"button.default\">\n\t\t\t\t<div class=\"elementor-widget-container\">\n\t\t\t\t\t\t\t\t\t<div class=\"elementor-button-wrapper\">\n\t\t\t\t\t<a class=\"elementor-button elementor-button-link elementor-size-sm elementor-animation-grow\" href=\"https:\/\/lemolletfute.fr\/lemolletfuteV2\/?page_id=417\">\n\t\t\t\t\t\t<span class=\"elementor-button-content-wrapper\">\n\t\t\t\t\t\t\t\t\t<span class=\"elementor-button-text\">S'inscrire<\/span>\n\t\t\t\t\t<\/span>\n\t\t\t\t\t<\/a>\n\t\t\t\t<\/div>\n\t\t\t\t\t\t\t\t<\/div>\n\t\t\t\t<\/div>\n\t\t\t\t\t<\/div>\n\t\t<\/div>\n\t\t\t\t\t<\/div>\n\t\t<\/section>\n\t\t\t\t<\/div>\n\t\t","protected":false},"excerpt":{"rendered":"<p>Section adulte du V\u00e9lo Club le Mollet Fut\u00e9 Pr\u00e9sentation de la section adulte du VCMF : La Section adulte du Mollet Fut\u00e9 se r\u00e9unie tous les dimanches matins et ce quelle que soit la p\u00e9riode de l&rsquo;ann\u00e9e,pas de repos pour les braves! Nous nous retrouvons chaque semaine au gymnase Chantal Mauduit : 14 rue Hodebourg78114 [&hellip;]<\/p>\n","protected":false},"author":1,"featured_media":0,"parent":0,"menu_order":0,"comment_status":"closed","ping_status":"closed","template":"","meta":{"ocean_post_layout":"","ocean_both_sidebars_style":"","ocean_both_sidebars_content_width":0,"ocean_both_sidebars_sidebars_width":0,"ocean_sidebar":"","ocean_second_sidebar":"","ocean_disable_margins":"enable","ocean_add_body_class":"","ocean_shortcode_before_top_bar":"","ocean_shortcode_after_top_bar":"","ocean_shortcode_before_header":"","ocean_shortcode_after_header":"","ocean_has_shortcode":"","ocean_shortcode_after_title":"","ocean_shortcode_before_footer_widgets":"","ocean_shortcode_after_footer_widgets":"","ocean_shortcode_before_footer_bottom":"","ocean_shortcode_after_footer_bottom":"","ocean_display_top_bar":"default","ocean_display_header":"default","ocean_header_style":"","ocean_center_header_left_menu":"","ocean_custom_header_template":"","ocean_custom_logo":0,"ocean_custom_retina_logo":0,"ocean_custom_logo_max_width":0,"ocean_custom_logo_tablet_max_width":0,"ocean_custom_logo_mobile_max_width":0,"ocean_custom_logo_max_height":0,"ocean_custom_logo_tablet_max_height":0,"ocean_custom_logo_mobile_max_height":0,"ocean_header_custom_menu":"","ocean_menu_typo_font_family":"","ocean_menu_typo_font_subset":"","ocean_menu_typo_font_size":0,"ocean_menu_typo_font_size_tablet":0,"ocean_menu_typo_font_size_mobile":0,"ocean_menu_typo_font_size_unit":"px","ocean_menu_typo_font_weight":"","ocean_menu_typo_font_weight_tablet":"","ocean_menu_typo_font_weight_mobile":"","ocean_menu_typo_transform":"","ocean_menu_typo_transform_tablet":"","ocean_menu_typo_transform_mobile":"","ocean_menu_typo_line_height":0,"ocean_menu_typo_line_height_tablet":0,"ocean_menu_typo_line_height_mobile":0,"ocean_menu_typo_line_height_unit":"","ocean_menu_typo_spacing":0,"ocean_menu_typo_spacing_tablet":0,"ocean_menu_typo_spacing_mobile":0,"ocean_menu_typo_spacing_unit":"","ocean_menu_link_color":"","ocean_menu_link_color_hover":"","ocean_menu_link_color_active":"","ocean_menu_link_background":"","ocean_menu_link_hover_background":"","ocean_menu_link_active_background":"","ocean_menu_social_links_bg":"","ocean_menu_social_hover_links_bg":"","ocean_menu_social_links_color":"","ocean_menu_social_hover_links_color":"","ocean_disable_title":"default","ocean_disable_heading":"default","ocean_post_title":"","ocean_post_subheading":"","ocean_post_title_style":"","ocean_post_title_background_color":"","ocean_post_title_background":0,"ocean_post_title_bg_image_position":"","ocean_post_title_bg_image_attachment":"","ocean_post_title_bg_image_repeat":"","ocean_post_title_bg_image_size":"","ocean_post_title_height":0,"ocean_post_title_bg_overlay":0.5,"ocean_post_title_bg_overlay_color":"","ocean_disable_breadcrumbs":"default","ocean_breadcrumbs_color":"","ocean_breadcrumbs_separator_color":"","ocean_breadcrumbs_links_color":"","ocean_breadcrumbs_links_hover_color":"","ocean_display_footer_widgets":"default","ocean_display_footer_bottom":"default","ocean_custom_footer_template":"","footnotes":""},"class_list":["post-32","page","type-page","status-publish","hentry","entry"],"_links":{"self":[{"href":"https:\/\/lemolletfute.fr\/lemolletfuteV2\/index.php?rest_route=\/wp\/v2\/pages\/32","targetHints":{"allow":["GET"]}}],"collection":[{"href":"https:\/\/lemolletfute.fr\/lemolletfuteV2\/index.php?rest_route=\/wp\/v2\/pages"}],"about":[{"href":"https:\/\/lemolletfute.fr\/lemolletfuteV2\/index.php?rest_route=\/wp\/v2\/types\/page"}],"author":[{"embeddable":true,"href":"https:\/\/lemolletfute.fr\/lemolletfuteV2\/index.php?rest_route=\/wp\/v2\/users\/1"}],"replies":[{"embeddable":true,"href":"https:\/\/lemolletfute.fr\/lemolletfuteV2\/index.php?rest_route=%2Fwp%2Fv2%2Fcomments&post=32"}],"version-history":[{"count":79,"href":"https:\/\/lemolletfute.fr\/lemolletfuteV2\/index.php?rest_route=\/wp\/v2\/pages\/32\/revisions"}],"predecessor-version":[{"id":784,"href":"https:\/\/lemolletfute.fr\/lemolletfuteV2\/index.php?rest_route=\/wp\/v2\/pages\/32\/revisions\/784"}],"wp:attachment":[{"href":"https:\/\/lemolletfute.fr\/lemolletfuteV2\/index.php?rest_route=%2Fwp%2Fv2%2Fmedia&parent=32"}],"curies":[{"name":"wp","href":"https:\/\/api.w.org\/{rel}","templated":true}]}}