{"id":417,"date":"2023-02-05T22:34:53","date_gmt":"2023-02-05T21:34:53","guid":{"rendered":"http:\/\/lemolletfute.fr\/lemolletfuteV2\/?page_id=417"},"modified":"2025-01-18T17:12:23","modified_gmt":"2025-01-18T16:12:23","slug":"inscription-vcmf-adulte","status":"publish","type":"page","link":"http:\/\/lemolletfute.fr\/lemolletfuteV2\/?page_id=417","title":{"rendered":"Inscription VCMF adulte"},"content":{"rendered":"\t\t<div data-elementor-type=\"wp-page\" data-elementor-id=\"417\" class=\"elementor elementor-417\">\n\t\t\t\t\t\t<section class=\"elementor-section elementor-top-section elementor-element elementor-element-5d71340 elementor-section-boxed elementor-section-height-default elementor-section-height-default\" data-id=\"5d71340\" data-element_type=\"section\" data-e-type=\"section\">\n\t\t\t\t\t\t<div class=\"elementor-container elementor-column-gap-default\">\n\t\t\t\t\t<div class=\"elementor-column elementor-col-100 elementor-top-column elementor-element elementor-element-b9de7a3\" data-id=\"b9de7a3\" data-element_type=\"column\" data-e-type=\"column\">\n\t\t\t<div class=\"elementor-widget-wrap elementor-element-populated\">\n\t\t\t\t\t\t<div class=\"elementor-element elementor-element-0e4415d elementor-widget elementor-widget-heading\" data-id=\"0e4415d\" data-element_type=\"widget\" data-e-type=\"widget\" data-widget_type=\"heading.default\">\n\t\t\t\t<div class=\"elementor-widget-container\">\n\t\t\t\t\t<h2 class=\"elementor-heading-title elementor-size-default\">Inscription VCMF adulte<\/h2>\t\t\t\t<\/div>\n\t\t\t\t<\/div>\n\t\t\t\t\t<\/div>\n\t\t<\/div>\n\t\t\t\t\t<\/div>\n\t\t<\/section>\n\t\t\t\t<section class=\"elementor-section elementor-top-section elementor-element elementor-element-0ad46cc elementor-section-boxed elementor-section-height-default elementor-section-height-default\" data-id=\"0ad46cc\" data-element_type=\"section\" data-e-type=\"section\">\n\t\t\t\t\t\t<div class=\"elementor-container elementor-column-gap-default\">\n\t\t\t\t\t<div class=\"elementor-column elementor-col-100 elementor-top-column elementor-element elementor-element-ef0a7a4\" data-id=\"ef0a7a4\" data-element_type=\"column\" data-e-type=\"column\">\n\t\t\t<div class=\"elementor-widget-wrap elementor-element-populated\">\n\t\t\t\t\t\t<div class=\"elementor-element elementor-element-afa61ec elementor-widget__width-initial elementor-widget elementor-widget-text-editor\" data-id=\"afa61ec\" data-element_type=\"widget\" data-e-type=\"widget\" data-widget_type=\"text-editor.default\">\n\t\t\t\t<div class=\"elementor-widget-container\">\n\t\t\t\t\t\t\t\t\t<p>Il vous est possible de prendre une licence quelque soit le moment de l&rsquo;ann\u00e9e.<br \/>Vous trouverez ci-dessous les documents ainsi que les d\u00e9marches qui vous permettrons de vous inscrire.<\/p>\t\t\t\t\t\t\t\t<\/div>\n\t\t\t\t<\/div>\n\t\t\t\t\t<\/div>\n\t\t<\/div>\n\t\t\t\t\t<\/div>\n\t\t<\/section>\n\t\t\t\t<section class=\"elementor-section elementor-top-section elementor-element elementor-element-96e5604 elementor-section-boxed elementor-section-height-default elementor-section-height-default\" data-id=\"96e5604\" data-element_type=\"section\" data-e-type=\"section\">\n\t\t\t\t\t\t<div class=\"elementor-container elementor-column-gap-default\">\n\t\t\t\t\t<div class=\"elementor-column elementor-col-100 elementor-top-column elementor-element elementor-element-4165384\" data-id=\"4165384\" data-element_type=\"column\" data-e-type=\"column\">\n\t\t\t<div class=\"elementor-widget-wrap elementor-element-populated\">\n\t\t\t\t\t\t<div class=\"elementor-element elementor-element-b327199 elementor-widget elementor-widget-heading\" data-id=\"b327199\" data-element_type=\"widget\" data-e-type=\"widget\" data-widget_type=\"heading.default\">\n\t\t\t\t<div class=\"elementor-widget-container\">\n\t\t\t\t\t<h2 class=\"elementor-heading-title elementor-size-default\">Documents n\u00e9cessaires pour toute premi\u00e8re inscription :<\/h2>\t\t\t\t<\/div>\n\t\t\t\t<\/div>\n\t\t\t\t\t<\/div>\n\t\t<\/div>\n\t\t\t\t\t<\/div>\n\t\t<\/section>\n\t\t\t\t<section class=\"elementor-section elementor-top-section elementor-element elementor-element-04da1a9 elementor-section-boxed elementor-section-height-default elementor-section-height-default\" data-id=\"04da1a9\" data-element_type=\"section\" data-e-type=\"section\">\n\t\t\t\t\t\t<div class=\"elementor-container elementor-column-gap-default\">\n\t\t\t\t\t<div class=\"elementor-column elementor-col-100 elementor-top-column elementor-element elementor-element-85e1a1b\" data-id=\"85e1a1b\" data-element_type=\"column\" data-e-type=\"column\">\n\t\t\t<div class=\"elementor-widget-wrap elementor-element-populated\">\n\t\t\t\t\t\t<div class=\"elementor-element elementor-element-e9c660c elementor-widget__width-initial elementor-widget elementor-widget-text-editor\" data-id=\"e9c660c\" data-element_type=\"widget\" data-e-type=\"widget\" data-widget_type=\"text-editor.default\">\n\t\t\t\t<div class=\"elementor-widget-container\">\n\t\t\t\t\t\t\t\t\t<ul><li><a href=\"http:\/\/lemolletfute.fr\/lemolletfuteV2\/wp-content\/uploads\/2025\/01\/Bulletin-dadhesion-2025.pdf\" target=\"_blank\" rel=\"noopener\">Bulletin d&rsquo;adh\u00e9sion 2025<\/a> (document pdf \u00e0 t\u00e9l\u00e9charger)<\/li><li>Questionnaire de sant\u00e9 <a href=\"http:\/\/lemolletfute.fr\/lemolletfuteV2\/wp-content\/uploads\/2025\/01\/QUESTIONNAIRE-SANTE.pdf\" target=\"_blank\" rel=\"noopener\">QS \u2013 SPORT<\/a> (document pdf \u00e0 t\u00e9l\u00e9charger)<\/li><li>Certificat m\u00e9dical de non contre-indication \u00e0 la pratique du VTT<\/li><li>R\u00e8glement du montant en fonction de l&rsquo;assurance*\u00a0choisie<\/li><\/ul><div><span style=\"font-family: Roboto, sans-serif; font-size: 18px; font-style: normal; font-variant-ligatures: normal; font-variant-caps: normal; font-weight: 400;\">* <a href=\"http:\/\/lemolletfute.fr\/lemolletfuteV2\/wp-content\/uploads\/2025\/01\/TABLEAU-DE-GARANTIES-SAISON-2025.pdf\" target=\"_blank\" rel=\"noopener\">Tableau des assurances FFV\u00e9lo 2025<\/a><br \/><\/span><\/div><div><span style=\"font-family: Roboto, sans-serif; font-size: 18px; font-style: normal; font-variant-ligatures: normal; font-variant-caps: normal; font-weight: 400;\">\u00a0<\/span><\/div>\t\t\t\t\t\t\t\t<\/div>\n\t\t\t\t<\/div>\n\t\t\t\t\t<\/div>\n\t\t<\/div>\n\t\t\t\t\t<\/div>\n\t\t<\/section>\n\t\t\t\t<section class=\"elementor-section elementor-top-section elementor-element elementor-element-e72a7af elementor-section-boxed elementor-section-height-default elementor-section-height-default\" data-id=\"e72a7af\" data-element_type=\"section\" data-e-type=\"section\">\n\t\t\t\t\t\t<div class=\"elementor-container elementor-column-gap-default\">\n\t\t\t\t\t<div class=\"elementor-column elementor-col-100 elementor-top-column elementor-element elementor-element-aefc332\" data-id=\"aefc332\" data-element_type=\"column\" data-e-type=\"column\">\n\t\t\t<div class=\"elementor-widget-wrap elementor-element-populated\">\n\t\t\t\t\t\t<div class=\"elementor-element elementor-element-47ee57f elementor-widget elementor-widget-heading\" data-id=\"47ee57f\" data-element_type=\"widget\" data-e-type=\"widget\" data-widget_type=\"heading.default\">\n\t\t\t\t<div class=\"elementor-widget-container\">\n\t\t\t\t\t<h2 class=\"elementor-heading-title elementor-size-default\">Moyens de r\u00e8glement :<\/h2>\t\t\t\t<\/div>\n\t\t\t\t<\/div>\n\t\t\t\t\t<\/div>\n\t\t<\/div>\n\t\t\t\t\t<\/div>\n\t\t<\/section>\n\t\t\t\t<section class=\"elementor-section elementor-top-section elementor-element elementor-element-911a7fa elementor-section-boxed elementor-section-height-default elementor-section-height-default\" data-id=\"911a7fa\" data-element_type=\"section\" data-e-type=\"section\">\n\t\t\t\t\t\t<div class=\"elementor-container elementor-column-gap-default\">\n\t\t\t\t\t<div class=\"elementor-column elementor-col-100 elementor-top-column elementor-element elementor-element-0925424\" data-id=\"0925424\" data-element_type=\"column\" data-e-type=\"column\">\n\t\t\t<div class=\"elementor-widget-wrap elementor-element-populated\">\n\t\t\t\t\t\t<div class=\"elementor-element elementor-element-d374acf elementor-widget__width-initial elementor-widget elementor-widget-text-editor\" data-id=\"d374acf\" data-element_type=\"widget\" data-e-type=\"widget\" data-widget_type=\"text-editor.default\">\n\t\t\t\t<div class=\"elementor-widget-container\">\n\t\t\t\t\t\t\t\t\t<ul><li>Ch\u00e8que bancaire \u00e0 l&rsquo;ordre du \u00ab\u00a0V\u00e9lo Club le Mollet Fut\u00e9\u00a0\u00bb<\/li><li>Virement bancaire (Faire la demande de RIB aupr\u00e8s des membres du bureau)<\/li><\/ul>\t\t\t\t\t\t\t\t<\/div>\n\t\t\t\t<\/div>\n\t\t\t\t\t<\/div>\n\t\t<\/div>\n\t\t\t\t\t<\/div>\n\t\t<\/section>\n\t\t\t\t<section class=\"elementor-section elementor-top-section elementor-element elementor-element-24669cd elementor-section-boxed elementor-section-height-default elementor-section-height-default\" data-id=\"24669cd\" data-element_type=\"section\" data-e-type=\"section\">\n\t\t\t\t\t\t<div class=\"elementor-container elementor-column-gap-default\">\n\t\t\t\t\t<div class=\"elementor-column elementor-col-100 elementor-top-column elementor-element elementor-element-1334359\" data-id=\"1334359\" data-element_type=\"column\" data-e-type=\"column\">\n\t\t\t<div class=\"elementor-widget-wrap elementor-element-populated\">\n\t\t\t\t\t\t<div class=\"elementor-element elementor-element-f6fd418 elementor-widget elementor-widget-heading\" data-id=\"f6fd418\" data-element_type=\"widget\" data-e-type=\"widget\" data-widget_type=\"heading.default\">\n\t\t\t\t<div class=\"elementor-widget-container\">\n\t\t\t\t\t<h2 class=\"elementor-heading-title elementor-size-default\">Comment nous transmettre votre inscription :<\/h2>\t\t\t\t<\/div>\n\t\t\t\t<\/div>\n\t\t\t\t\t<\/div>\n\t\t<\/div>\n\t\t\t\t\t<\/div>\n\t\t<\/section>\n\t\t\t\t<section class=\"elementor-section elementor-top-section elementor-element elementor-element-6b6caa5 elementor-section-boxed elementor-section-height-default elementor-section-height-default\" data-id=\"6b6caa5\" data-element_type=\"section\" data-e-type=\"section\">\n\t\t\t\t\t\t<div class=\"elementor-container elementor-column-gap-default\">\n\t\t\t\t\t<div class=\"elementor-column elementor-col-100 elementor-top-column elementor-element elementor-element-643e55a\" data-id=\"643e55a\" data-element_type=\"column\" data-e-type=\"column\">\n\t\t\t<div class=\"elementor-widget-wrap elementor-element-populated\">\n\t\t\t\t\t\t<div class=\"elementor-element elementor-element-1ab30d3 elementor-widget__width-initial elementor-widget elementor-widget-text-editor\" data-id=\"1ab30d3\" data-element_type=\"widget\" data-e-type=\"widget\" data-widget_type=\"text-editor.default\">\n\t\t\t\t<div class=\"elementor-widget-container\">\n\t\t\t\t\t\t\t\t\t<p style=\"padding-left: 40px;\">Pour nous transmettre votre inscription vous avez deux solutions :<\/p><ul><li style=\"list-style-type: none;\"><ul><li>en main propre lors de nos rendez-vous hebdomadaires au gymnase Chantal Mauduit :<br \/><br \/><p>Le samedi apr\u00e8s midi \u00e0 13h45 &#8211; 14h, d\u00e9part \u00e9cole VTT<br \/>ou<br \/>Le dimanche \u00e0 8h30 pour le premier groupe et 9h15 pour le second groupe.\u00a0\u00a0<\/p><\/li><li>ou l&rsquo;adresse suivante :<\/li><\/ul><\/li><\/ul><p style=\"padding-left: 80px;\">M. Cyril C\u00e9lestin<br \/>27 all\u00e9e des Peupliers<br \/>78114 Magny les Hameaux<\/p>\t\t\t\t\t\t\t\t<\/div>\n\t\t\t\t<\/div>\n\t\t\t\t\t<\/div>\n\t\t<\/div>\n\t\t\t\t\t<\/div>\n\t\t<\/section>\n\t\t\t\t<\/div>\n\t\t","protected":false},"excerpt":{"rendered":"<p>Inscription VCMF adulte Il vous est possible de prendre une licence quelque soit le moment de l&rsquo;ann\u00e9e.Vous trouverez ci-dessous les documents ainsi que les d\u00e9marches qui vous permettrons de vous inscrire. Documents n\u00e9cessaires pour toute premi\u00e8re inscription : Bulletin d&rsquo;adh\u00e9sion 2025 (document pdf \u00e0 t\u00e9l\u00e9charger) Questionnaire de sant\u00e9 QS \u2013 SPORT (document pdf \u00e0 t\u00e9l\u00e9charger) [&hellip;]<\/p>\n","protected":false},"author":1,"featured_media":0,"parent":0,"menu_order":0,"comment_status":"closed","ping_status":"closed","template":"","meta":{"ocean_post_layout":"","ocean_both_sidebars_style":"","ocean_both_sidebars_content_width":0,"ocean_both_sidebars_sidebars_width":0,"ocean_sidebar":"0","ocean_second_sidebar":"0","ocean_disable_margins":"enable","ocean_add_body_class":"","ocean_shortcode_before_top_bar":"","ocean_shortcode_after_top_bar":"","ocean_shortcode_before_header":"","ocean_shortcode_after_header":"","ocean_has_shortcode":"","ocean_shortcode_after_title":"","ocean_shortcode_before_footer_widgets":"","ocean_shortcode_after_footer_widgets":"","ocean_shortcode_before_footer_bottom":"","ocean_shortcode_after_footer_bottom":"","ocean_display_top_bar":"default","ocean_display_header":"default","ocean_header_style":"","ocean_center_header_left_menu":"0","ocean_custom_header_template":"0","ocean_custom_logo":0,"ocean_custom_retina_logo":0,"ocean_custom_logo_max_width":0,"ocean_custom_logo_tablet_max_width":0,"ocean_custom_logo_mobile_max_width":0,"ocean_custom_logo_max_height":0,"ocean_custom_logo_tablet_max_height":0,"ocean_custom_logo_mobile_max_height":0,"ocean_header_custom_menu":"0","ocean_menu_typo_font_family":"0","ocean_menu_typo_font_subset":"","ocean_menu_typo_font_size":0,"ocean_menu_typo_font_size_tablet":0,"ocean_menu_typo_font_size_mobile":0,"ocean_menu_typo_font_size_unit":"px","ocean_menu_typo_font_weight":"","ocean_menu_typo_font_weight_tablet":"","ocean_menu_typo_font_weight_mobile":"","ocean_menu_typo_transform":"","ocean_menu_typo_transform_tablet":"","ocean_menu_typo_transform_mobile":"","ocean_menu_typo_line_height":0,"ocean_menu_typo_line_height_tablet":0,"ocean_menu_typo_line_height_mobile":0,"ocean_menu_typo_line_height_unit":"","ocean_menu_typo_spacing":0,"ocean_menu_typo_spacing_tablet":0,"ocean_menu_typo_spacing_mobile":0,"ocean_menu_typo_spacing_unit":"","ocean_menu_link_color":"","ocean_menu_link_color_hover":"","ocean_menu_link_color_active":"","ocean_menu_link_background":"","ocean_menu_link_hover_background":"","ocean_menu_link_active_background":"","ocean_menu_social_links_bg":"","ocean_menu_social_hover_links_bg":"","ocean_menu_social_links_color":"","ocean_menu_social_hover_links_color":"","ocean_disable_title":"default","ocean_disable_heading":"default","ocean_post_title":"","ocean_post_subheading":"","ocean_post_title_style":"","ocean_post_title_background_color":"","ocean_post_title_background":0,"ocean_post_title_bg_image_position":"","ocean_post_title_bg_image_attachment":"","ocean_post_title_bg_image_repeat":"","ocean_post_title_bg_image_size":"","ocean_post_title_height":0,"ocean_post_title_bg_overlay":0.5,"ocean_post_title_bg_overlay_color":"","ocean_disable_breadcrumbs":"default","ocean_breadcrumbs_color":"","ocean_breadcrumbs_separator_color":"","ocean_breadcrumbs_links_color":"","ocean_breadcrumbs_links_hover_color":"","ocean_display_footer_widgets":"default","ocean_display_footer_bottom":"default","ocean_custom_footer_template":"0","footnotes":""},"class_list":["post-417","page","type-page","status-publish","hentry","entry"],"_links":{"self":[{"href":"http:\/\/lemolletfute.fr\/lemolletfuteV2\/index.php?rest_route=\/wp\/v2\/pages\/417","targetHints":{"allow":["GET"]}}],"collection":[{"href":"http:\/\/lemolletfute.fr\/lemolletfuteV2\/index.php?rest_route=\/wp\/v2\/pages"}],"about":[{"href":"http:\/\/lemolletfute.fr\/lemolletfuteV2\/index.php?rest_route=\/wp\/v2\/types\/page"}],"author":[{"embeddable":true,"href":"http:\/\/lemolletfute.fr\/lemolletfuteV2\/index.php?rest_route=\/wp\/v2\/users\/1"}],"replies":[{"embeddable":true,"href":"http:\/\/lemolletfute.fr\/lemolletfuteV2\/index.php?rest_route=%2Fwp%2Fv2%2Fcomments&post=417"}],"version-history":[{"count":101,"href":"http:\/\/lemolletfute.fr\/lemolletfuteV2\/index.php?rest_route=\/wp\/v2\/pages\/417\/revisions"}],"predecessor-version":[{"id":1092,"href":"http:\/\/lemolletfute.fr\/lemolletfuteV2\/index.php?rest_route=\/wp\/v2\/pages\/417\/revisions\/1092"}],"wp:attachment":[{"href":"http:\/\/lemolletfute.fr\/lemolletfuteV2\/index.php?rest_route=%2Fwp%2Fv2%2Fmedia&parent=417"}],"curies":[{"name":"wp","href":"https:\/\/api.w.org\/{rel}","templated":true}]}}